{"id":143,"date":"2025-08-27T01:56:14","date_gmt":"2025-08-26T23:56:14","guid":{"rendered":"https:\/\/erpsatelite.com\/?post_type=product&#038;p=143"},"modified":"2026-03-13T23:10:24","modified_gmt":"2026-03-13T22:10:24","slug":"paquete-activacion-empresa-5-usuarios","status":"publish","type":"product","link":"https:\/\/erpsatelite.com\/en\/product\/paquete-activacion-empresa-5-usuarios\/","title":{"rendered":"Business Activation Plan \u2013 5-User Licensing"},"content":{"rendered":"<blockquote><p><strong>SaaS Plan Benefits<\/strong><\/p>\n<p><strong>24\/7 cloud access<\/strong>, from anywhere and on any device.<\/p>\n<p><strong>Guaranteed security<\/strong>, with data backup and protection.<\/p>\n<p><strong>Fast implementation<\/strong>, with no additional infrastructure required.<\/p>\n<p><strong>Scalability<\/strong>: grow with your business by adding more users and modules.<\/p><\/blockquote>","protected":false},"excerpt":{"rendered":"<blockquote><p class=\"translation-block\">The Business Activation Plan is the ideal entry point to digitize and centralize your business management quickly and securely in the cloud. Designed for 5 users, this plan includes full access to the essential modules of Satellite ERP, allowing your company to take a leap toward operational efficiency from day one:<\/p>\n<p>&nbsp;<\/p>\n<ul>\n<li><strong>Purchasing and Accounts Payable<\/strong> \u2013 manage suppliers, purchase orders, and payments.<\/li>\n<li><strong>Inventory<\/strong> manage stock levels in real time and prevent stockouts.<\/li>\n<li><strong>Banking<\/strong> integrate bank accounts and simplify financial reconciliation.<\/li>\n<li><strong>Electronic Invoicing &amp; Accounts Receivable<\/strong> Complies with local regulations and ensures efficient collections.<\/li>\n<li><strong>General Accounting<\/strong> Centralize your financial data to generate accurate and reliable reports.<\/li>\n<\/ul>\n<\/blockquote>","protected":false},"featured_media":301,"comment_status":"open","ping_status":"closed","template":"","meta":{"_et_pb_use_builder":"","_et_pb_old_content":"","_et_gb_content_width":""},"product_brand":[],"product_cat":[19,21],"product_tag":[],"class_list":{"0":"post-143","1":"product","2":"type-product","3":"status-publish","4":"has-post-thumbnail","6":"product_cat-erp-satelite","7":"product_cat-licenciamiento","9":"first","10":"instock","11":"sale","12":"shipping-taxable","13":"purchasable","14":"product-type-variable","15":"has-default-attributes"},"yoast_head":"<!-- This site is optimized with the Yoast SEO plugin v27.4 - https:\/\/yoast.com\/product\/yoast-seo-wordpress\/ -->\n<title>Plan de Activaci\u00f3n Empresa - Licenciamiento 5 Usuarios - ERP SATELITE<\/title>\n<meta name=\"description\" content=\"El Plan de Activaci\u00f3n Empresa ERP es la puerta de entrada ideal para digitalizar y centralizar la gesti\u00f3n de tu negocio de forma \u00e1gil y segura en la nube.\" \/>\n<meta name=\"robots\" content=\"index, follow, max-snippet:-1, max-image-preview:large, max-video-preview:-1\" \/>\n<link rel=\"canonical\" href=\"https:\/\/erpsatelite.com\/en\/product\/paquete-activacion-empresa-5-usuarios\/\" \/>\n<meta property=\"og:locale\" content=\"en_US\" \/>\n<meta property=\"og:type\" content=\"article\" \/>\n<meta property=\"og:title\" content=\"Plan de Activaci\u00f3n Empresa - Licenciamiento 5 Usuarios - ERP SATELITE\" \/>\n<meta property=\"og:description\" content=\"El Plan de Activaci\u00f3n Empresa ERP es la puerta de entrada ideal para digitalizar y centralizar la gesti\u00f3n de tu negocio de forma \u00e1gil y segura en la nube.\" \/>\n<meta property=\"og:url\" content=\"https:\/\/erpsatelite.com\/en\/product\/paquete-activacion-empresa-5-usuarios\/\" \/>\n<meta property=\"og:site_name\" content=\"ERP SATELITE\" \/>\n<meta property=\"article:modified_time\" content=\"2026-03-13T22:10:24+00:00\" \/>\n<meta property=\"og:image\" content=\"https:\/\/erpsatelite.com\/wp-content\/uploads\/2025\/08\/licenciamiento.jpg\" \/>\n\t<meta property=\"og:image:width\" content=\"500\" \/>\n\t<meta property=\"og:image:height\" content=\"500\" \/>\n\t<meta property=\"og:image:type\" content=\"image\/jpeg\" \/>\n<meta name=\"twitter:card\" content=\"summary_large_image\" \/>\n<meta name=\"twitter:label1\" content=\"Est. reading time\" \/>\n\t<meta name=\"twitter:data1\" content=\"1 minute\" \/>\n<script type=\"application\/ld+json\" class=\"yoast-schema-graph\">{\"@context\":\"https:\\\/\\\/schema.org\",\"@graph\":[{\"@type\":\"WebPage\",\"@id\":\"https:\\\/\\\/erpsatelite.com\\\/producto\\\/paquete-activacion-empresa-5-usuarios\\\/\",\"url\":\"https:\\\/\\\/erpsatelite.com\\\/producto\\\/paquete-activacion-empresa-5-usuarios\\\/\",\"name\":\"Plan de Activaci\u00f3n Empresa - Licenciamiento 5 Usuarios - ERP SATELITE\",\"isPartOf\":{\"@id\":\"https:\\\/\\\/erpsatelite.com\\\/#website\"},\"primaryImageOfPage\":{\"@id\":\"https:\\\/\\\/erpsatelite.com\\\/producto\\\/paquete-activacion-empresa-5-usuarios\\\/#primaryimage\"},\"image\":{\"@id\":\"https:\\\/\\\/erpsatelite.com\\\/producto\\\/paquete-activacion-empresa-5-usuarios\\\/#primaryimage\"},\"thumbnailUrl\":\"https:\\\/\\\/erpsatelite.com\\\/wp-content\\\/uploads\\\/2025\\\/08\\\/licenciamiento.jpg\",\"datePublished\":\"2025-08-26T23:56:14+00:00\",\"dateModified\":\"2026-03-13T22:10:24+00:00\",\"description\":\"El Plan de Activaci\u00f3n Empresa ERP es la puerta de entrada ideal para digitalizar y centralizar la gesti\u00f3n de tu negocio de forma \u00e1gil y segura en la nube.\",\"breadcrumb\":{\"@id\":\"https:\\\/\\\/erpsatelite.com\\\/producto\\\/paquete-activacion-empresa-5-usuarios\\\/#breadcrumb\"},\"inLanguage\":\"en-US\",\"potentialAction\":[{\"@type\":\"ReadAction\",\"target\":[\"https:\\\/\\\/erpsatelite.com\\\/producto\\\/paquete-activacion-empresa-5-usuarios\\\/\"]}]},{\"@type\":\"ImageObject\",\"inLanguage\":\"en-US\",\"@id\":\"https:\\\/\\\/erpsatelite.com\\\/producto\\\/paquete-activacion-empresa-5-usuarios\\\/#primaryimage\",\"url\":\"https:\\\/\\\/erpsatelite.com\\\/wp-content\\\/uploads\\\/2025\\\/08\\\/licenciamiento.jpg\",\"contentUrl\":\"https:\\\/\\\/erpsatelite.com\\\/wp-content\\\/uploads\\\/2025\\\/08\\\/licenciamiento.jpg\",\"width\":500,\"height\":500},{\"@type\":\"BreadcrumbList\",\"@id\":\"https:\\\/\\\/erpsatelite.com\\\/producto\\\/paquete-activacion-empresa-5-usuarios\\\/#breadcrumb\",\"itemListElement\":[{\"@type\":\"ListItem\",\"position\":1,\"name\":\"Portada\",\"item\":\"https:\\\/\\\/erpsatelite.com\\\/\"},{\"@type\":\"ListItem\",\"position\":2,\"name\":\"Tienda\",\"item\":\"https:\\\/\\\/erpsatelite.com\\\/tienda\\\/\"},{\"@type\":\"ListItem\",\"position\":3,\"name\":\"Plan de Activaci\u00f3n Empresa &#8211; Licenciamiento 5 Usuarios\"}]},{\"@type\":\"WebSite\",\"@id\":\"https:\\\/\\\/erpsatelite.com\\\/#website\",\"url\":\"https:\\\/\\\/erpsatelite.com\\\/\",\"name\":\"ERP SATELITE\",\"description\":\"Una plataforma para todos los procesos de tu negocio\",\"potentialAction\":[{\"@type\":\"SearchAction\",\"target\":{\"@type\":\"EntryPoint\",\"urlTemplate\":\"https:\\\/\\\/erpsatelite.com\\\/?s={search_term_string}\"},\"query-input\":{\"@type\":\"PropertyValueSpecification\",\"valueRequired\":true,\"valueName\":\"search_term_string\"}}],\"inLanguage\":\"en-US\"}]}<\/script>\n<!-- \/ Yoast SEO plugin. -->","yoast_head_json":{"title":"Plan de Activaci\u00f3n Empresa - Licenciamiento 5 Usuarios - ERP SATELITE","description":"El Plan de Activaci\u00f3n Empresa ERP es la puerta de entrada ideal para digitalizar y centralizar la gesti\u00f3n de tu negocio de forma \u00e1gil y segura en la nube.","robots":{"index":"index","follow":"follow","max-snippet":"max-snippet:-1","max-image-preview":"max-image-preview:large","max-video-preview":"max-video-preview:-1"},"canonical":"https:\/\/erpsatelite.com\/en\/product\/paquete-activacion-empresa-5-usuarios\/","og_locale":"en_US","og_type":"article","og_title":"Plan de Activaci\u00f3n Empresa - Licenciamiento 5 Usuarios - ERP SATELITE","og_description":"El Plan de Activaci\u00f3n Empresa ERP es la puerta de entrada ideal para digitalizar y centralizar la gesti\u00f3n de tu negocio de forma \u00e1gil y segura en la nube.","og_url":"https:\/\/erpsatelite.com\/en\/product\/paquete-activacion-empresa-5-usuarios\/","og_site_name":"ERP SATELITE","article_modified_time":"2026-03-13T22:10:24+00:00","og_image":[{"width":500,"height":500,"url":"https:\/\/erpsatelite.com\/wp-content\/uploads\/2025\/08\/licenciamiento.jpg","type":"image\/jpeg"}],"twitter_card":"summary_large_image","twitter_misc":{"Est. reading time":"1 minute"},"schema":{"@context":"https:\/\/schema.org","@graph":[{"@type":"WebPage","@id":"https:\/\/erpsatelite.com\/producto\/paquete-activacion-empresa-5-usuarios\/","url":"https:\/\/erpsatelite.com\/producto\/paquete-activacion-empresa-5-usuarios\/","name":"Plan de Activaci\u00f3n Empresa - Licenciamiento 5 Usuarios - ERP SATELITE","isPartOf":{"@id":"https:\/\/erpsatelite.com\/#website"},"primaryImageOfPage":{"@id":"https:\/\/erpsatelite.com\/producto\/paquete-activacion-empresa-5-usuarios\/#primaryimage"},"image":{"@id":"https:\/\/erpsatelite.com\/producto\/paquete-activacion-empresa-5-usuarios\/#primaryimage"},"thumbnailUrl":"https:\/\/erpsatelite.com\/wp-content\/uploads\/2025\/08\/licenciamiento.jpg","datePublished":"2025-08-26T23:56:14+00:00","dateModified":"2026-03-13T22:10:24+00:00","description":"El Plan de Activaci\u00f3n Empresa ERP es la puerta de entrada ideal para digitalizar y centralizar la gesti\u00f3n de tu negocio de forma \u00e1gil y segura en la nube.","breadcrumb":{"@id":"https:\/\/erpsatelite.com\/producto\/paquete-activacion-empresa-5-usuarios\/#breadcrumb"},"inLanguage":"en-US","potentialAction":[{"@type":"ReadAction","target":["https:\/\/erpsatelite.com\/producto\/paquete-activacion-empresa-5-usuarios\/"]}]},{"@type":"ImageObject","inLanguage":"en-US","@id":"https:\/\/erpsatelite.com\/producto\/paquete-activacion-empresa-5-usuarios\/#primaryimage","url":"https:\/\/erpsatelite.com\/wp-content\/uploads\/2025\/08\/licenciamiento.jpg","contentUrl":"https:\/\/erpsatelite.com\/wp-content\/uploads\/2025\/08\/licenciamiento.jpg","width":500,"height":500},{"@type":"BreadcrumbList","@id":"https:\/\/erpsatelite.com\/producto\/paquete-activacion-empresa-5-usuarios\/#breadcrumb","itemListElement":[{"@type":"ListItem","position":1,"name":"Portada","item":"https:\/\/erpsatelite.com\/"},{"@type":"ListItem","position":2,"name":"Tienda","item":"https:\/\/erpsatelite.com\/tienda\/"},{"@type":"ListItem","position":3,"name":"Plan de Activaci\u00f3n Empresa &#8211; Licenciamiento 5 Usuarios"}]},{"@type":"WebSite","@id":"https:\/\/erpsatelite.com\/#website","url":"https:\/\/erpsatelite.com\/","name":"ERP SATELITE","description":"Una plataforma para todos los procesos de tu negocio","potentialAction":[{"@type":"SearchAction","target":{"@type":"EntryPoint","urlTemplate":"https:\/\/erpsatelite.com\/?s={search_term_string}"},"query-input":{"@type":"PropertyValueSpecification","valueRequired":true,"valueName":"search_term_string"}}],"inLanguage":"en-US"}]}},"_links":{"self":[{"href":"https:\/\/erpsatelite.com\/en\/wp-json\/wp\/v2\/product\/143","targetHints":{"allow":["GET"]}}],"collection":[{"href":"https:\/\/erpsatelite.com\/en\/wp-json\/wp\/v2\/product"}],"about":[{"href":"https:\/\/erpsatelite.com\/en\/wp-json\/wp\/v2\/types\/product"}],"replies":[{"embeddable":true,"href":"https:\/\/erpsatelite.com\/en\/wp-json\/wp\/v2\/comments?post=143"}],"wp:featuredmedia":[{"embeddable":true,"href":"https:\/\/erpsatelite.com\/en\/wp-json\/wp\/v2\/media\/301"}],"wp:attachment":[{"href":"https:\/\/erpsatelite.com\/en\/wp-json\/wp\/v2\/media?parent=143"}],"wp:term":[{"taxonomy":"product_brand","embeddable":true,"href":"https:\/\/erpsatelite.com\/en\/wp-json\/wp\/v2\/product_brand?post=143"},{"taxonomy":"product_cat","embeddable":true,"href":"https:\/\/erpsatelite.com\/en\/wp-json\/wp\/v2\/product_cat?post=143"},{"taxonomy":"product_tag","embeddable":true,"href":"https:\/\/erpsatelite.com\/en\/wp-json\/wp\/v2\/product_tag?post=143"}],"curies":[{"name":"wp","href":"https:\/\/api.w.org\/{rel}","templated":true}]}}