{"id":151,"date":"2025-08-27T02:22:53","date_gmt":"2025-08-27T00:22:53","guid":{"rendered":"https:\/\/erpsatelite.com\/?post_type=product&#038;p=151"},"modified":"2026-03-04T23:53:59","modified_gmt":"2026-03-04T22:53:59","slug":"bolson-de-implementacion-10-horas","status":"publish","type":"product","link":"https:\/\/erpsatelite.com\/en\/product\/bolson-de-implementacion-10-horas\/","title":{"rendered":"Hourly Implementation Packages"},"content":{"rendered":"<blockquote><p><strong>Benefits<\/strong><\/p>\n<ul>\n<li><strong>Specialized support<\/strong> from our team of consultants.<\/li>\n<li><strong>Total flexibility<\/strong>: choose the package based on the complexity of your project.<\/li>\n<li><strong>Increased productivity<\/strong> through tailored configurations.<\/li>\n<li><strong>Training included<\/strong> to ensure your team fully leverages the ERP\u2019s capabilities.<\/li>\n<\/ul>\n<\/blockquote>\n<p><strong>Price:<\/strong> From <strong>$250 to $2,500<\/strong>, depending on the selected hour package.<\/p>","protected":false},"excerpt":{"rendered":"<blockquote><p class=\"translation-block\">Ensure a successful adoption of <strong>Sat\u00e9lite ERP<\/strong> with our <strong>Hourly Implementation Packages<\/strong>, designed to provide the level of support your company needs for configuration, customization, or training.<\/p>\n<p>&nbsp;<\/p>\n<p><strong>Available Options<\/strong><\/p>\n<ul>\n<li>\u23f1\ufe0f <strong>10 hours<\/strong> \u2192 Ideal for basic adjustments and implementation of 1 module.<\/li>\n<li>\u23f1\ufe0f <strong>25 hours<\/strong> \u2192 Perfect for guided implementation across 3 specific modules.<\/li>\n<li>\u23f1\ufe0f <strong>50 hours<\/strong> \u2192 Comprehensive coverage of key processes for 5 modules with basic configuration.<\/li>\n<li>\u23f1\ufe0f <strong>100 hours<\/strong> \u2192 Full implementation with advanced customization and migration of catalogs\/historical data across the 5 administrative modules.<\/li>\n<\/ul>\n<\/blockquote>","protected":false},"featured_media":304,"comment_status":"open","ping_status":"closed","template":"","meta":{"_et_pb_use_builder":"","_et_pb_old_content":"","_et_gb_content_width":""},"product_brand":[],"product_cat":[19,22],"product_tag":[],"class_list":{"0":"post-151","1":"product","2":"type-product","3":"status-publish","4":"has-post-thumbnail","6":"product_cat-erp-satelite","7":"product_cat-paquete-implementacion","9":"first","10":"instock","11":"shipping-taxable","12":"purchasable","13":"product-type-variable"},"yoast_head":"<!-- This site is optimized with the Yoast SEO plugin v27.4 - https:\/\/yoast.com\/product\/yoast-seo-wordpress\/ -->\n<title>Paquetes de Implementaci\u00f3n - Por Horas - ERP SATELITE<\/title>\n<meta name=\"description\" content=\"Paquetes de Implementaci\u00f3n por Horas, dise\u00f1ados para ofrecerte el nivel de acompa\u00f1amiento que tu empresa necesita en la personalizaci\u00f3n o capacitaci\u00f3n.\" \/>\n<meta name=\"robots\" content=\"index, follow, max-snippet:-1, max-image-preview:large, max-video-preview:-1\" \/>\n<link rel=\"canonical\" href=\"https:\/\/erpsatelite.com\/en\/product\/bolson-de-implementacion-10-horas\/\" \/>\n<meta property=\"og:locale\" content=\"en_US\" \/>\n<meta property=\"og:type\" content=\"article\" \/>\n<meta property=\"og:title\" content=\"Paquetes de Implementaci\u00f3n - Por Horas - ERP SATELITE\" \/>\n<meta property=\"og:description\" content=\"Paquetes de Implementaci\u00f3n por Horas, dise\u00f1ados para ofrecerte el nivel de acompa\u00f1amiento que tu empresa necesita en la personalizaci\u00f3n o capacitaci\u00f3n.\" \/>\n<meta property=\"og:url\" content=\"https:\/\/erpsatelite.com\/en\/product\/bolson-de-implementacion-10-horas\/\" \/>\n<meta property=\"og:site_name\" content=\"ERP SATELITE\" \/>\n<meta property=\"article:modified_time\" content=\"2026-03-04T22:53:59+00:00\" \/>\n<meta property=\"og:image\" content=\"https:\/\/erpsatelite.com\/wp-content\/uploads\/2025\/08\/implementacion-horas.jpg\" \/>\n\t<meta property=\"og:image:width\" content=\"500\" \/>\n\t<meta property=\"og:image:height\" content=\"500\" \/>\n\t<meta property=\"og:image:type\" content=\"image\/jpeg\" \/>\n<meta name=\"twitter:card\" content=\"summary_large_image\" \/>\n<meta name=\"twitter:label1\" content=\"Est. reading time\" \/>\n\t<meta name=\"twitter:data1\" content=\"1 minute\" \/>\n<script type=\"application\/ld+json\" class=\"yoast-schema-graph\">{\"@context\":\"https:\\\/\\\/schema.org\",\"@graph\":[{\"@type\":\"WebPage\",\"@id\":\"https:\\\/\\\/erpsatelite.com\\\/producto\\\/bolson-de-implementacion-10-horas\\\/\",\"url\":\"https:\\\/\\\/erpsatelite.com\\\/producto\\\/bolson-de-implementacion-10-horas\\\/\",\"name\":\"Paquetes de Implementaci\u00f3n - Por Horas - ERP SATELITE\",\"isPartOf\":{\"@id\":\"https:\\\/\\\/erpsatelite.com\\\/#website\"},\"primaryImageOfPage\":{\"@id\":\"https:\\\/\\\/erpsatelite.com\\\/producto\\\/bolson-de-implementacion-10-horas\\\/#primaryimage\"},\"image\":{\"@id\":\"https:\\\/\\\/erpsatelite.com\\\/producto\\\/bolson-de-implementacion-10-horas\\\/#primaryimage\"},\"thumbnailUrl\":\"https:\\\/\\\/erpsatelite.com\\\/wp-content\\\/uploads\\\/2025\\\/08\\\/implementacion-horas.jpg\",\"datePublished\":\"2025-08-27T00:22:53+00:00\",\"dateModified\":\"2026-03-04T22:53:59+00:00\",\"description\":\"Paquetes de Implementaci\u00f3n por Horas, dise\u00f1ados para ofrecerte el nivel de acompa\u00f1amiento que tu empresa necesita en la personalizaci\u00f3n o capacitaci\u00f3n.\",\"breadcrumb\":{\"@id\":\"https:\\\/\\\/erpsatelite.com\\\/producto\\\/bolson-de-implementacion-10-horas\\\/#breadcrumb\"},\"inLanguage\":\"en-US\",\"potentialAction\":[{\"@type\":\"ReadAction\",\"target\":[\"https:\\\/\\\/erpsatelite.com\\\/producto\\\/bolson-de-implementacion-10-horas\\\/\"]}]},{\"@type\":\"ImageObject\",\"inLanguage\":\"en-US\",\"@id\":\"https:\\\/\\\/erpsatelite.com\\\/producto\\\/bolson-de-implementacion-10-horas\\\/#primaryimage\",\"url\":\"https:\\\/\\\/erpsatelite.com\\\/wp-content\\\/uploads\\\/2025\\\/08\\\/implementacion-horas.jpg\",\"contentUrl\":\"https:\\\/\\\/erpsatelite.com\\\/wp-content\\\/uploads\\\/2025\\\/08\\\/implementacion-horas.jpg\",\"width\":500,\"height\":500},{\"@type\":\"BreadcrumbList\",\"@id\":\"https:\\\/\\\/erpsatelite.com\\\/producto\\\/bolson-de-implementacion-10-horas\\\/#breadcrumb\",\"itemListElement\":[{\"@type\":\"ListItem\",\"position\":1,\"name\":\"Portada\",\"item\":\"https:\\\/\\\/erpsatelite.com\\\/\"},{\"@type\":\"ListItem\",\"position\":2,\"name\":\"Tienda\",\"item\":\"https:\\\/\\\/erpsatelite.com\\\/tienda\\\/\"},{\"@type\":\"ListItem\",\"position\":3,\"name\":\"Paquetes de Implementaci\u00f3n &#8211; Por Horas\"}]},{\"@type\":\"WebSite\",\"@id\":\"https:\\\/\\\/erpsatelite.com\\\/#website\",\"url\":\"https:\\\/\\\/erpsatelite.com\\\/\",\"name\":\"ERP SATELITE\",\"description\":\"Una plataforma para todos los procesos de tu negocio\",\"potentialAction\":[{\"@type\":\"SearchAction\",\"target\":{\"@type\":\"EntryPoint\",\"urlTemplate\":\"https:\\\/\\\/erpsatelite.com\\\/?s={search_term_string}\"},\"query-input\":{\"@type\":\"PropertyValueSpecification\",\"valueRequired\":true,\"valueName\":\"search_term_string\"}}],\"inLanguage\":\"en-US\"}]}<\/script>\n<!-- \/ Yoast SEO plugin. -->","yoast_head_json":{"title":"Paquetes de Implementaci\u00f3n - Por Horas - ERP SATELITE","description":"Paquetes de Implementaci\u00f3n por Horas, dise\u00f1ados para ofrecerte el nivel de acompa\u00f1amiento que tu empresa necesita en la personalizaci\u00f3n o capacitaci\u00f3n.","robots":{"index":"index","follow":"follow","max-snippet":"max-snippet:-1","max-image-preview":"max-image-preview:large","max-video-preview":"max-video-preview:-1"},"canonical":"https:\/\/erpsatelite.com\/en\/product\/bolson-de-implementacion-10-horas\/","og_locale":"en_US","og_type":"article","og_title":"Paquetes de Implementaci\u00f3n - Por Horas - ERP SATELITE","og_description":"Paquetes de Implementaci\u00f3n por Horas, dise\u00f1ados para ofrecerte el nivel de acompa\u00f1amiento que tu empresa necesita en la personalizaci\u00f3n o capacitaci\u00f3n.","og_url":"https:\/\/erpsatelite.com\/en\/product\/bolson-de-implementacion-10-horas\/","og_site_name":"ERP SATELITE","article_modified_time":"2026-03-04T22:53:59+00:00","og_image":[{"width":500,"height":500,"url":"https:\/\/erpsatelite.com\/wp-content\/uploads\/2025\/08\/implementacion-horas.jpg","type":"image\/jpeg"}],"twitter_card":"summary_large_image","twitter_misc":{"Est. reading time":"1 minute"},"schema":{"@context":"https:\/\/schema.org","@graph":[{"@type":"WebPage","@id":"https:\/\/erpsatelite.com\/producto\/bolson-de-implementacion-10-horas\/","url":"https:\/\/erpsatelite.com\/producto\/bolson-de-implementacion-10-horas\/","name":"Paquetes de Implementaci\u00f3n - Por Horas - ERP SATELITE","isPartOf":{"@id":"https:\/\/erpsatelite.com\/#website"},"primaryImageOfPage":{"@id":"https:\/\/erpsatelite.com\/producto\/bolson-de-implementacion-10-horas\/#primaryimage"},"image":{"@id":"https:\/\/erpsatelite.com\/producto\/bolson-de-implementacion-10-horas\/#primaryimage"},"thumbnailUrl":"https:\/\/erpsatelite.com\/wp-content\/uploads\/2025\/08\/implementacion-horas.jpg","datePublished":"2025-08-27T00:22:53+00:00","dateModified":"2026-03-04T22:53:59+00:00","description":"Paquetes de Implementaci\u00f3n por Horas, dise\u00f1ados para ofrecerte el nivel de acompa\u00f1amiento que tu empresa necesita en la personalizaci\u00f3n o capacitaci\u00f3n.","breadcrumb":{"@id":"https:\/\/erpsatelite.com\/producto\/bolson-de-implementacion-10-horas\/#breadcrumb"},"inLanguage":"en-US","potentialAction":[{"@type":"ReadAction","target":["https:\/\/erpsatelite.com\/producto\/bolson-de-implementacion-10-horas\/"]}]},{"@type":"ImageObject","inLanguage":"en-US","@id":"https:\/\/erpsatelite.com\/producto\/bolson-de-implementacion-10-horas\/#primaryimage","url":"https:\/\/erpsatelite.com\/wp-content\/uploads\/2025\/08\/implementacion-horas.jpg","contentUrl":"https:\/\/erpsatelite.com\/wp-content\/uploads\/2025\/08\/implementacion-horas.jpg","width":500,"height":500},{"@type":"BreadcrumbList","@id":"https:\/\/erpsatelite.com\/producto\/bolson-de-implementacion-10-horas\/#breadcrumb","itemListElement":[{"@type":"ListItem","position":1,"name":"Portada","item":"https:\/\/erpsatelite.com\/"},{"@type":"ListItem","position":2,"name":"Tienda","item":"https:\/\/erpsatelite.com\/tienda\/"},{"@type":"ListItem","position":3,"name":"Paquetes de Implementaci\u00f3n &#8211; Por Horas"}]},{"@type":"WebSite","@id":"https:\/\/erpsatelite.com\/#website","url":"https:\/\/erpsatelite.com\/","name":"ERP SATELITE","description":"Una plataforma para todos los procesos de tu negocio","potentialAction":[{"@type":"SearchAction","target":{"@type":"EntryPoint","urlTemplate":"https:\/\/erpsatelite.com\/?s={search_term_string}"},"query-input":{"@type":"PropertyValueSpecification","valueRequired":true,"valueName":"search_term_string"}}],"inLanguage":"en-US"}]}},"_links":{"self":[{"href":"https:\/\/erpsatelite.com\/en\/wp-json\/wp\/v2\/product\/151","targetHints":{"allow":["GET"]}}],"collection":[{"href":"https:\/\/erpsatelite.com\/en\/wp-json\/wp\/v2\/product"}],"about":[{"href":"https:\/\/erpsatelite.com\/en\/wp-json\/wp\/v2\/types\/product"}],"replies":[{"embeddable":true,"href":"https:\/\/erpsatelite.com\/en\/wp-json\/wp\/v2\/comments?post=151"}],"wp:featuredmedia":[{"embeddable":true,"href":"https:\/\/erpsatelite.com\/en\/wp-json\/wp\/v2\/media\/304"}],"wp:attachment":[{"href":"https:\/\/erpsatelite.com\/en\/wp-json\/wp\/v2\/media?parent=151"}],"wp:term":[{"taxonomy":"product_brand","embeddable":true,"href":"https:\/\/erpsatelite.com\/en\/wp-json\/wp\/v2\/product_brand?post=151"},{"taxonomy":"product_cat","embeddable":true,"href":"https:\/\/erpsatelite.com\/en\/wp-json\/wp\/v2\/product_cat?post=151"},{"taxonomy":"product_tag","embeddable":true,"href":"https:\/\/erpsatelite.com\/en\/wp-json\/wp\/v2\/product_tag?post=151"}],"curies":[{"name":"wp","href":"https:\/\/api.w.org\/{rel}","templated":true}]}}