{"id":189,"date":"2025-08-27T21:59:04","date_gmt":"2025-08-27T19:59:04","guid":{"rendered":"https:\/\/erpsatelite.com\/?post_type=product&#038;p=189"},"modified":"2026-03-13T23:35:34","modified_gmt":"2026-03-13T22:35:34","slug":"test-product","status":"publish","type":"product","link":"https:\/\/erpsatelite.com\/en\/product\/test-product\/","title":{"rendered":"Company &amp; ERP Solution Profiles (Downloadable)"},"content":{"rendered":"<blockquote><p><strong>What you will find inside<\/strong><\/p>\n<p>This downloadable resource includes two detailed profiles:<\/p>\n<ol>\n<li><strong>Company Services Profile<\/strong><br \/>\nAn overview of our consulting approach, technological capabilities, and the range of services we offer to support companies in their digital transformation journey.<\/li>\n<li><strong>ERP Solution Profile<\/strong><br \/>\nA comprehensive introduction to ERP Sat\u00e9lite, our cloud-based ERP SaaS platform designed to optimize business operations, integrate key processes, and improve decision-making through centralized and real-time information.<\/li>\n<\/ol>\n<\/blockquote>","protected":false},"excerpt":{"rendered":"<div class=\"et_pb_module et_pb_divider et_pb_divider_1 et_pb_divider_position_ et_pb_space et_had_animation\">\n<div class=\"et_pb_divider_internal\"><strong>GET TO KNOW US<\/strong><\/div>\n<\/div>\n<div class=\"et_pb_module et_pb_text et_pb_text_2 et_pb_text_align_left et_pb_bg_layout_light\">\n<div class=\"et_pb_text_inner\">\n<p>Regional leaders in software consulting, providing specialized solutions in digital development and innovation to strengthen the growth, efficiency, and competitiveness of our clients.<\/p>\n<\/div>\n<\/div>\n<blockquote>\n<p data-start=\"484\" data-end=\"507\"><strong>This resource includes:<\/strong><\/p>\n<ul data-start=\"508\" data-end=\"721\">\n<li data-start=\"508\" data-end=\"564\">\n<p data-start=\"510\" data-end=\"564\">Institutional information (mission, vision, and corporate values).<\/p>\n<\/li>\n<li data-start=\"565\" data-end=\"618\">\n<p data-start=\"567\" data-end=\"618\">Overview of our main products and services.<\/p>\n<\/li>\n<li data-start=\"619\" data-end=\"661\">\n<p data-start=\"621\" data-end=\"661\">Company background and expertise in digital transformation.<\/p>\n<\/li>\n<li data-start=\"619\" data-end=\"661\">Contact information and channels for business inquiries.<\/li>\n<\/ul>\n<p><strong>Download the profiles to learn how our solutions help organizations modernize their operations, increase productivity, and scale efficiently in today\u2019s digital environment.<\/strong><\/p><\/blockquote>","protected":false},"featured_media":310,"comment_status":"open","ping_status":"closed","template":"","meta":{"_et_pb_use_builder":"","_et_pb_old_content":"","_et_gb_content_width":""},"product_brand":[],"product_cat":[19],"product_tag":[],"class_list":{"0":"post-189","1":"product","2":"type-product","3":"status-publish","4":"has-post-thumbnail","6":"product_cat-erp-satelite","8":"first","9":"instock","10":"downloadable","11":"virtual","12":"purchasable","13":"product-type-simple"},"yoast_head":"<!-- This site is optimized with the Yoast SEO plugin v27.4 - https:\/\/yoast.com\/product\/yoast-seo-wordpress\/ -->\n<title>Perfil de empresa y de soluci\u00f3n ERP (Descargables) - ERP SATELITE<\/title>\n<meta name=\"robots\" content=\"index, follow, max-snippet:-1, max-image-preview:large, max-video-preview:-1\" \/>\n<link rel=\"canonical\" href=\"https:\/\/erpsatelite.com\/en\/product\/test-product\/\" \/>\n<meta property=\"og:locale\" content=\"en_US\" \/>\n<meta property=\"og:type\" content=\"article\" \/>\n<meta property=\"og:title\" content=\"Perfil de empresa y de soluci\u00f3n ERP (Descargables) - ERP SATELITE\" \/>\n<meta property=\"og:description\" content=\"CON\u00d3CENOS     Lideres en consultor\u00eda de software a nivel regional, proporcionando soluciones especializadas en el \u00e1rea de desarrollo e innovaci\u00f3n digital para el fortalecimiento de nuestros clientes     Este recurso incluye:     Informaci\u00f3n institucional (misi\u00f3n, visi\u00f3n y valores corporativos)    Descripci\u00f3n general de nuestros principales productos y servicios.    Historia de la empresa y experiencia en transformaci\u00f3n digital.   Informaci\u00f3n de contacto y canales para consultas comerciales.  Descargue los perfiles para descubrir c\u00f3mo nuestras soluciones ayudan a las organizaciones a modernizar sus operaciones, aumentar la productividad y escalar de manera eficiente en el entorno digital actual.\" \/>\n<meta property=\"og:url\" content=\"https:\/\/erpsatelite.com\/en\/product\/test-product\/\" \/>\n<meta property=\"og:site_name\" content=\"ERP SATELITE\" \/>\n<meta property=\"article:modified_time\" content=\"2026-03-13T22:35:34+00:00\" \/>\n<meta property=\"og:image\" content=\"https:\/\/erpsatelite.com\/wp-content\/uploads\/2025\/08\/prueba-compra.jpg\" \/>\n\t<meta property=\"og:image:width\" content=\"500\" \/>\n\t<meta property=\"og:image:height\" content=\"500\" \/>\n\t<meta property=\"og:image:type\" content=\"image\/jpeg\" \/>\n<meta name=\"twitter:card\" content=\"summary_large_image\" \/>\n<meta name=\"twitter:label1\" content=\"Est. reading time\" \/>\n\t<meta name=\"twitter:data1\" content=\"1 minute\" \/>\n<script type=\"application\/ld+json\" class=\"yoast-schema-graph\">{\"@context\":\"https:\\\/\\\/schema.org\",\"@graph\":[{\"@type\":\"WebPage\",\"@id\":\"https:\\\/\\\/erpsatelite.com\\\/producto\\\/test-product\\\/\",\"url\":\"https:\\\/\\\/erpsatelite.com\\\/producto\\\/test-product\\\/\",\"name\":\"Perfil de empresa y de soluci\u00f3n ERP (Descargables) - ERP SATELITE\",\"isPartOf\":{\"@id\":\"https:\\\/\\\/erpsatelite.com\\\/#website\"},\"primaryImageOfPage\":{\"@id\":\"https:\\\/\\\/erpsatelite.com\\\/producto\\\/test-product\\\/#primaryimage\"},\"image\":{\"@id\":\"https:\\\/\\\/erpsatelite.com\\\/producto\\\/test-product\\\/#primaryimage\"},\"thumbnailUrl\":\"https:\\\/\\\/erpsatelite.com\\\/wp-content\\\/uploads\\\/2025\\\/08\\\/prueba-compra.jpg\",\"datePublished\":\"2025-08-27T19:59:04+00:00\",\"dateModified\":\"2026-03-13T22:35:34+00:00\",\"breadcrumb\":{\"@id\":\"https:\\\/\\\/erpsatelite.com\\\/producto\\\/test-product\\\/#breadcrumb\"},\"inLanguage\":\"en-US\",\"potentialAction\":[{\"@type\":\"ReadAction\",\"target\":[\"https:\\\/\\\/erpsatelite.com\\\/producto\\\/test-product\\\/\"]}]},{\"@type\":\"ImageObject\",\"inLanguage\":\"en-US\",\"@id\":\"https:\\\/\\\/erpsatelite.com\\\/producto\\\/test-product\\\/#primaryimage\",\"url\":\"https:\\\/\\\/erpsatelite.com\\\/wp-content\\\/uploads\\\/2025\\\/08\\\/prueba-compra.jpg\",\"contentUrl\":\"https:\\\/\\\/erpsatelite.com\\\/wp-content\\\/uploads\\\/2025\\\/08\\\/prueba-compra.jpg\",\"width\":500,\"height\":500},{\"@type\":\"BreadcrumbList\",\"@id\":\"https:\\\/\\\/erpsatelite.com\\\/producto\\\/test-product\\\/#breadcrumb\",\"itemListElement\":[{\"@type\":\"ListItem\",\"position\":1,\"name\":\"Portada\",\"item\":\"https:\\\/\\\/erpsatelite.com\\\/\"},{\"@type\":\"ListItem\",\"position\":2,\"name\":\"Tienda\",\"item\":\"https:\\\/\\\/erpsatelite.com\\\/tienda\\\/\"},{\"@type\":\"ListItem\",\"position\":3,\"name\":\"Perfil de empresa y de soluci\u00f3n ERP (Descargables)\"}]},{\"@type\":\"WebSite\",\"@id\":\"https:\\\/\\\/erpsatelite.com\\\/#website\",\"url\":\"https:\\\/\\\/erpsatelite.com\\\/\",\"name\":\"ERP SATELITE\",\"description\":\"Una plataforma para todos los procesos de tu negocio\",\"potentialAction\":[{\"@type\":\"SearchAction\",\"target\":{\"@type\":\"EntryPoint\",\"urlTemplate\":\"https:\\\/\\\/erpsatelite.com\\\/?s={search_term_string}\"},\"query-input\":{\"@type\":\"PropertyValueSpecification\",\"valueRequired\":true,\"valueName\":\"search_term_string\"}}],\"inLanguage\":\"en-US\"}]}<\/script>\n<!-- \/ Yoast SEO plugin. -->","yoast_head_json":{"title":"Perfil de empresa y de soluci\u00f3n ERP (Descargables) - ERP SATELITE","robots":{"index":"index","follow":"follow","max-snippet":"max-snippet:-1","max-image-preview":"max-image-preview:large","max-video-preview":"max-video-preview:-1"},"canonical":"https:\/\/erpsatelite.com\/en\/product\/test-product\/","og_locale":"en_US","og_type":"article","og_title":"Perfil de empresa y de soluci\u00f3n ERP (Descargables) - ERP SATELITE","og_description":"CON\u00d3CENOS     Lideres en consultor\u00eda de software a nivel regional, proporcionando soluciones especializadas en el \u00e1rea de desarrollo e innovaci\u00f3n digital para el fortalecimiento de nuestros clientes     Este recurso incluye:     Informaci\u00f3n institucional (misi\u00f3n, visi\u00f3n y valores corporativos)    Descripci\u00f3n general de nuestros principales productos y servicios.    Historia de la empresa y experiencia en transformaci\u00f3n digital.   Informaci\u00f3n de contacto y canales para consultas comerciales.  Descargue los perfiles para descubrir c\u00f3mo nuestras soluciones ayudan a las organizaciones a modernizar sus operaciones, aumentar la productividad y escalar de manera eficiente en el entorno digital actual.","og_url":"https:\/\/erpsatelite.com\/en\/product\/test-product\/","og_site_name":"ERP SATELITE","article_modified_time":"2026-03-13T22:35:34+00:00","og_image":[{"width":500,"height":500,"url":"https:\/\/erpsatelite.com\/wp-content\/uploads\/2025\/08\/prueba-compra.jpg","type":"image\/jpeg"}],"twitter_card":"summary_large_image","twitter_misc":{"Est. reading time":"1 minute"},"schema":{"@context":"https:\/\/schema.org","@graph":[{"@type":"WebPage","@id":"https:\/\/erpsatelite.com\/producto\/test-product\/","url":"https:\/\/erpsatelite.com\/producto\/test-product\/","name":"Perfil de empresa y de soluci\u00f3n ERP (Descargables) - ERP SATELITE","isPartOf":{"@id":"https:\/\/erpsatelite.com\/#website"},"primaryImageOfPage":{"@id":"https:\/\/erpsatelite.com\/producto\/test-product\/#primaryimage"},"image":{"@id":"https:\/\/erpsatelite.com\/producto\/test-product\/#primaryimage"},"thumbnailUrl":"https:\/\/erpsatelite.com\/wp-content\/uploads\/2025\/08\/prueba-compra.jpg","datePublished":"2025-08-27T19:59:04+00:00","dateModified":"2026-03-13T22:35:34+00:00","breadcrumb":{"@id":"https:\/\/erpsatelite.com\/producto\/test-product\/#breadcrumb"},"inLanguage":"en-US","potentialAction":[{"@type":"ReadAction","target":["https:\/\/erpsatelite.com\/producto\/test-product\/"]}]},{"@type":"ImageObject","inLanguage":"en-US","@id":"https:\/\/erpsatelite.com\/producto\/test-product\/#primaryimage","url":"https:\/\/erpsatelite.com\/wp-content\/uploads\/2025\/08\/prueba-compra.jpg","contentUrl":"https:\/\/erpsatelite.com\/wp-content\/uploads\/2025\/08\/prueba-compra.jpg","width":500,"height":500},{"@type":"BreadcrumbList","@id":"https:\/\/erpsatelite.com\/producto\/test-product\/#breadcrumb","itemListElement":[{"@type":"ListItem","position":1,"name":"Portada","item":"https:\/\/erpsatelite.com\/"},{"@type":"ListItem","position":2,"name":"Tienda","item":"https:\/\/erpsatelite.com\/tienda\/"},{"@type":"ListItem","position":3,"name":"Perfil de empresa y de soluci\u00f3n ERP (Descargables)"}]},{"@type":"WebSite","@id":"https:\/\/erpsatelite.com\/#website","url":"https:\/\/erpsatelite.com\/","name":"ERP SATELITE","description":"Una plataforma para todos los procesos de tu negocio","potentialAction":[{"@type":"SearchAction","target":{"@type":"EntryPoint","urlTemplate":"https:\/\/erpsatelite.com\/?s={search_term_string}"},"query-input":{"@type":"PropertyValueSpecification","valueRequired":true,"valueName":"search_term_string"}}],"inLanguage":"en-US"}]}},"_links":{"self":[{"href":"https:\/\/erpsatelite.com\/en\/wp-json\/wp\/v2\/product\/189","targetHints":{"allow":["GET"]}}],"collection":[{"href":"https:\/\/erpsatelite.com\/en\/wp-json\/wp\/v2\/product"}],"about":[{"href":"https:\/\/erpsatelite.com\/en\/wp-json\/wp\/v2\/types\/product"}],"replies":[{"embeddable":true,"href":"https:\/\/erpsatelite.com\/en\/wp-json\/wp\/v2\/comments?post=189"}],"wp:featuredmedia":[{"embeddable":true,"href":"https:\/\/erpsatelite.com\/en\/wp-json\/wp\/v2\/media\/310"}],"wp:attachment":[{"href":"https:\/\/erpsatelite.com\/en\/wp-json\/wp\/v2\/media?parent=189"}],"wp:term":[{"taxonomy":"product_brand","embeddable":true,"href":"https:\/\/erpsatelite.com\/en\/wp-json\/wp\/v2\/product_brand?post=189"},{"taxonomy":"product_cat","embeddable":true,"href":"https:\/\/erpsatelite.com\/en\/wp-json\/wp\/v2\/product_cat?post=189"},{"taxonomy":"product_tag","embeddable":true,"href":"https:\/\/erpsatelite.com\/en\/wp-json\/wp\/v2\/product_tag?post=189"}],"curies":[{"name":"wp","href":"https:\/\/api.w.org\/{rel}","templated":true}]}}