{"id":331,"date":"2025-08-30T21:58:20","date_gmt":"2025-08-30T19:58:20","guid":{"rendered":"https:\/\/erpsatelite.com\/?post_type=product&#038;p=331"},"modified":"2025-09-16T18:59:06","modified_gmt":"2025-09-16T16:59:06","slug":"plan-crm-licenciamiento-5-usuarios","status":"publish","type":"product","link":"https:\/\/erpsatelite.com\/en\/product\/plan-crm-licenciamiento-5-usuarios\/","title":{"rendered":"CRM Plan \u2013 5 User License"},"content":{"rendered":"<h3 class=\"et_pb_module_header\"><strong>Control information in real time and support better management decisions.<\/strong><\/h3>\n<div>\n<p>By managing customers, products, pricing, and generating instant reports, you will be able to:<\/p>\n<ul>\n<li>Manage customers according to their status.<\/li>\n<li>Control price lists by product or service category.<\/li>\n<li>Register customized catalogs.<\/li>\n<li>Generate reports of products purchased by a specific customer.<\/li>\n<li>Identify top customers by time period and salesperson.<\/li>\n<li>Review quotations by date, salesperson, customer, and category.<\/li>\n<\/ul>\n<\/div>\n<div>\n<ul>\n<li>Create sales projections by salesperson and time period.<\/li>\n<\/ul>\n<p>&nbsp;<\/p>\n<\/div>\n<h3 class=\"et_pb_module_header\"><strong>Increase productivity by optimizing the sales process.<\/strong><\/h3>\n<div>\n<p>With proper sales management, you will obtain:<\/p>\n<ul>\n<li>Real-time summaries of quotations and sales performance.<\/li>\n<li>Quotation reports filtered by date range, salespeople, customers, categories, and quotation status.<\/li>\n<li>Best-selling products by salesperson and time period.<\/li>\n<li>Reports of products purchased by a specific customer.<\/li>\n<li>Identification of top customers by time period and salesperson.<\/li>\n<li>Quotation search by date, salesperson, customer, and category.<\/li>\n<li>Sales projections by salesperson and time period.<\/li>\n<\/ul>\n<\/div>","protected":false},"excerpt":{"rendered":"<blockquote><p>Control information in real time and create positive experiences for your customers. Simplify and automate marketing and sales management, strengthening customer relationships while increasing your company\u2019s profitability and growth.<\/p>\n<p><strong>With efficient quotation management, you will be able to:<\/strong><\/p>\n<ul>\n<li>Generate quotations based on customer requirements.<\/li>\n<li>Track opportunities according to the product sales cycle.<\/li>\n<li>Effectively convert sales quotations into confirmed sales<\/li>\n<li>Control budgets based on associated costs.<\/li>\n<li>Stay informed about the status of each quotation.<\/li>\n<\/ul>\n<\/blockquote>","protected":false},"featured_media":334,"comment_status":"open","ping_status":"closed","template":"","meta":{"_et_pb_use_builder":"","_et_pb_old_content":"","_et_gb_content_width":""},"product_brand":[],"product_cat":[19,21],"product_tag":[],"class_list":{"0":"post-331","1":"product","2":"type-product","3":"status-publish","4":"has-post-thumbnail","6":"product_cat-erp-satelite","7":"product_cat-licenciamiento","9":"first","10":"instock","11":"shipping-taxable","12":"purchasable","13":"product-type-variable","14":"has-default-attributes"},"yoast_head":"<!-- This site is optimized with the Yoast SEO plugin v27.4 - https:\/\/yoast.com\/product\/yoast-seo-wordpress\/ -->\n<title>Plan CRM - Licenciamiento 5 Usuarios | ERP Sat\u00e9lite El Salvador<\/title>\n<meta name=\"description\" content=\"Simplifica y automatiza la gesti\u00f3n de marketing y ventas, dinamizando la relaci\u00f3n con clientes, aumentando la rentabilidad y el crecimiento de tu empresa.\" \/>\n<meta name=\"robots\" content=\"index, follow, max-snippet:-1, max-image-preview:large, max-video-preview:-1\" \/>\n<link rel=\"canonical\" href=\"https:\/\/erpsatelite.com\/en\/product\/plan-crm-licenciamiento-5-usuarios\/\" \/>\n<meta property=\"og:locale\" content=\"en_US\" \/>\n<meta property=\"og:type\" content=\"article\" \/>\n<meta property=\"og:title\" content=\"Plan CRM - Licenciamiento 5 Usuarios | ERP Sat\u00e9lite El Salvador\" \/>\n<meta property=\"og:description\" content=\"Simplifica y automatiza la gesti\u00f3n de marketing y ventas, dinamizando la relaci\u00f3n con clientes, aumentando la rentabilidad y el crecimiento de tu empresa.\" \/>\n<meta property=\"og:url\" content=\"https:\/\/erpsatelite.com\/en\/product\/plan-crm-licenciamiento-5-usuarios\/\" \/>\n<meta property=\"og:site_name\" content=\"ERP SATELITE\" \/>\n<meta property=\"article:modified_time\" content=\"2025-09-16T16:59:06+00:00\" \/>\n<meta property=\"og:image\" content=\"https:\/\/erpsatelite.com\/wp-content\/uploads\/2025\/08\/crm-erp.jpg\" \/>\n\t<meta property=\"og:image:width\" content=\"500\" \/>\n\t<meta property=\"og:image:height\" content=\"500\" \/>\n\t<meta property=\"og:image:type\" content=\"image\/jpeg\" \/>\n<meta name=\"twitter:card\" content=\"summary_large_image\" \/>\n<meta name=\"twitter:label1\" content=\"Est. reading time\" \/>\n\t<meta name=\"twitter:data1\" content=\"1 minute\" \/>\n<script type=\"application\/ld+json\" class=\"yoast-schema-graph\">{\"@context\":\"https:\\\/\\\/schema.org\",\"@graph\":[{\"@type\":\"WebPage\",\"@id\":\"https:\\\/\\\/erpsatelite.com\\\/producto\\\/plan-crm-licenciamiento-5-usuarios\\\/\",\"url\":\"https:\\\/\\\/erpsatelite.com\\\/producto\\\/plan-crm-licenciamiento-5-usuarios\\\/\",\"name\":\"Plan CRM - Licenciamiento 5 Usuarios | ERP Sat\u00e9lite El Salvador\",\"isPartOf\":{\"@id\":\"https:\\\/\\\/erpsatelite.com\\\/#website\"},\"primaryImageOfPage\":{\"@id\":\"https:\\\/\\\/erpsatelite.com\\\/producto\\\/plan-crm-licenciamiento-5-usuarios\\\/#primaryimage\"},\"image\":{\"@id\":\"https:\\\/\\\/erpsatelite.com\\\/producto\\\/plan-crm-licenciamiento-5-usuarios\\\/#primaryimage\"},\"thumbnailUrl\":\"https:\\\/\\\/erpsatelite.com\\\/wp-content\\\/uploads\\\/2025\\\/08\\\/crm-erp.jpg\",\"datePublished\":\"2025-08-30T19:58:20+00:00\",\"dateModified\":\"2025-09-16T16:59:06+00:00\",\"description\":\"Simplifica y automatiza la gesti\u00f3n de marketing y ventas, dinamizando la relaci\u00f3n con clientes, aumentando la rentabilidad y el crecimiento de tu empresa.\",\"breadcrumb\":{\"@id\":\"https:\\\/\\\/erpsatelite.com\\\/producto\\\/plan-crm-licenciamiento-5-usuarios\\\/#breadcrumb\"},\"inLanguage\":\"en-US\",\"potentialAction\":[{\"@type\":\"ReadAction\",\"target\":[\"https:\\\/\\\/erpsatelite.com\\\/producto\\\/plan-crm-licenciamiento-5-usuarios\\\/\"]}]},{\"@type\":\"ImageObject\",\"inLanguage\":\"en-US\",\"@id\":\"https:\\\/\\\/erpsatelite.com\\\/producto\\\/plan-crm-licenciamiento-5-usuarios\\\/#primaryimage\",\"url\":\"https:\\\/\\\/erpsatelite.com\\\/wp-content\\\/uploads\\\/2025\\\/08\\\/crm-erp.jpg\",\"contentUrl\":\"https:\\\/\\\/erpsatelite.com\\\/wp-content\\\/uploads\\\/2025\\\/08\\\/crm-erp.jpg\",\"width\":500,\"height\":500},{\"@type\":\"BreadcrumbList\",\"@id\":\"https:\\\/\\\/erpsatelite.com\\\/producto\\\/plan-crm-licenciamiento-5-usuarios\\\/#breadcrumb\",\"itemListElement\":[{\"@type\":\"ListItem\",\"position\":1,\"name\":\"Portada\",\"item\":\"https:\\\/\\\/erpsatelite.com\\\/\"},{\"@type\":\"ListItem\",\"position\":2,\"name\":\"Tienda\",\"item\":\"https:\\\/\\\/erpsatelite.com\\\/tienda\\\/\"},{\"@type\":\"ListItem\",\"position\":3,\"name\":\"Plan CRM &#8211; Licenciamiento 5 Usuarios\"}]},{\"@type\":\"WebSite\",\"@id\":\"https:\\\/\\\/erpsatelite.com\\\/#website\",\"url\":\"https:\\\/\\\/erpsatelite.com\\\/\",\"name\":\"ERP SATELITE\",\"description\":\"Una plataforma para todos los procesos de tu negocio\",\"potentialAction\":[{\"@type\":\"SearchAction\",\"target\":{\"@type\":\"EntryPoint\",\"urlTemplate\":\"https:\\\/\\\/erpsatelite.com\\\/?s={search_term_string}\"},\"query-input\":{\"@type\":\"PropertyValueSpecification\",\"valueRequired\":true,\"valueName\":\"search_term_string\"}}],\"inLanguage\":\"en-US\"}]}<\/script>\n<!-- \/ Yoast SEO plugin. -->","yoast_head_json":{"title":"Plan CRM - Licenciamiento 5 Usuarios | ERP Sat\u00e9lite El Salvador","description":"Simplifica y automatiza la gesti\u00f3n de marketing y ventas, dinamizando la relaci\u00f3n con clientes, aumentando la rentabilidad y el crecimiento de tu empresa.","robots":{"index":"index","follow":"follow","max-snippet":"max-snippet:-1","max-image-preview":"max-image-preview:large","max-video-preview":"max-video-preview:-1"},"canonical":"https:\/\/erpsatelite.com\/en\/product\/plan-crm-licenciamiento-5-usuarios\/","og_locale":"en_US","og_type":"article","og_title":"Plan CRM - Licenciamiento 5 Usuarios | ERP Sat\u00e9lite El Salvador","og_description":"Simplifica y automatiza la gesti\u00f3n de marketing y ventas, dinamizando la relaci\u00f3n con clientes, aumentando la rentabilidad y el crecimiento de tu empresa.","og_url":"https:\/\/erpsatelite.com\/en\/product\/plan-crm-licenciamiento-5-usuarios\/","og_site_name":"ERP SATELITE","article_modified_time":"2025-09-16T16:59:06+00:00","og_image":[{"width":500,"height":500,"url":"https:\/\/erpsatelite.com\/wp-content\/uploads\/2025\/08\/crm-erp.jpg","type":"image\/jpeg"}],"twitter_card":"summary_large_image","twitter_misc":{"Est. reading time":"1 minute"},"schema":{"@context":"https:\/\/schema.org","@graph":[{"@type":"WebPage","@id":"https:\/\/erpsatelite.com\/producto\/plan-crm-licenciamiento-5-usuarios\/","url":"https:\/\/erpsatelite.com\/producto\/plan-crm-licenciamiento-5-usuarios\/","name":"Plan CRM - Licenciamiento 5 Usuarios | ERP Sat\u00e9lite El Salvador","isPartOf":{"@id":"https:\/\/erpsatelite.com\/#website"},"primaryImageOfPage":{"@id":"https:\/\/erpsatelite.com\/producto\/plan-crm-licenciamiento-5-usuarios\/#primaryimage"},"image":{"@id":"https:\/\/erpsatelite.com\/producto\/plan-crm-licenciamiento-5-usuarios\/#primaryimage"},"thumbnailUrl":"https:\/\/erpsatelite.com\/wp-content\/uploads\/2025\/08\/crm-erp.jpg","datePublished":"2025-08-30T19:58:20+00:00","dateModified":"2025-09-16T16:59:06+00:00","description":"Simplifica y automatiza la gesti\u00f3n de marketing y ventas, dinamizando la relaci\u00f3n con clientes, aumentando la rentabilidad y el crecimiento de tu empresa.","breadcrumb":{"@id":"https:\/\/erpsatelite.com\/producto\/plan-crm-licenciamiento-5-usuarios\/#breadcrumb"},"inLanguage":"en-US","potentialAction":[{"@type":"ReadAction","target":["https:\/\/erpsatelite.com\/producto\/plan-crm-licenciamiento-5-usuarios\/"]}]},{"@type":"ImageObject","inLanguage":"en-US","@id":"https:\/\/erpsatelite.com\/producto\/plan-crm-licenciamiento-5-usuarios\/#primaryimage","url":"https:\/\/erpsatelite.com\/wp-content\/uploads\/2025\/08\/crm-erp.jpg","contentUrl":"https:\/\/erpsatelite.com\/wp-content\/uploads\/2025\/08\/crm-erp.jpg","width":500,"height":500},{"@type":"BreadcrumbList","@id":"https:\/\/erpsatelite.com\/producto\/plan-crm-licenciamiento-5-usuarios\/#breadcrumb","itemListElement":[{"@type":"ListItem","position":1,"name":"Portada","item":"https:\/\/erpsatelite.com\/"},{"@type":"ListItem","position":2,"name":"Tienda","item":"https:\/\/erpsatelite.com\/tienda\/"},{"@type":"ListItem","position":3,"name":"Plan CRM &#8211; Licenciamiento 5 Usuarios"}]},{"@type":"WebSite","@id":"https:\/\/erpsatelite.com\/#website","url":"https:\/\/erpsatelite.com\/","name":"ERP SATELITE","description":"Una plataforma para todos los procesos de tu negocio","potentialAction":[{"@type":"SearchAction","target":{"@type":"EntryPoint","urlTemplate":"https:\/\/erpsatelite.com\/?s={search_term_string}"},"query-input":{"@type":"PropertyValueSpecification","valueRequired":true,"valueName":"search_term_string"}}],"inLanguage":"en-US"}]}},"_links":{"self":[{"href":"https:\/\/erpsatelite.com\/en\/wp-json\/wp\/v2\/product\/331","targetHints":{"allow":["GET"]}}],"collection":[{"href":"https:\/\/erpsatelite.com\/en\/wp-json\/wp\/v2\/product"}],"about":[{"href":"https:\/\/erpsatelite.com\/en\/wp-json\/wp\/v2\/types\/product"}],"replies":[{"embeddable":true,"href":"https:\/\/erpsatelite.com\/en\/wp-json\/wp\/v2\/comments?post=331"}],"wp:featuredmedia":[{"embeddable":true,"href":"https:\/\/erpsatelite.com\/en\/wp-json\/wp\/v2\/media\/334"}],"wp:attachment":[{"href":"https:\/\/erpsatelite.com\/en\/wp-json\/wp\/v2\/media?parent=331"}],"wp:term":[{"taxonomy":"product_brand","embeddable":true,"href":"https:\/\/erpsatelite.com\/en\/wp-json\/wp\/v2\/product_brand?post=331"},{"taxonomy":"product_cat","embeddable":true,"href":"https:\/\/erpsatelite.com\/en\/wp-json\/wp\/v2\/product_cat?post=331"},{"taxonomy":"product_tag","embeddable":true,"href":"https:\/\/erpsatelite.com\/en\/wp-json\/wp\/v2\/product_tag?post=331"}],"curies":[{"name":"wp","href":"https:\/\/api.w.org\/{rel}","templated":true}]}}